{"id":1060,"date":"2017-12-28T15:36:46","date_gmt":"2017-12-28T15:36:46","guid":{"rendered":"https:\/\/sas.unl.pt\/corporate\/relatorio-e-plano-de-actividades\/"},"modified":"2024-02-15T14:56:14","modified_gmt":"2024-02-15T14:56:14","slug":"activity-report-and-plan","status":"publish","type":"page","link":"https:\/\/sas.unl.pt\/en\/corporate\/activity-report-and-plan\/","title":{"rendered":"Management Documents"},"content":{"rendered":"","protected":false},"excerpt":{"rendered":"","protected":false},"author":1,"featured_media":50932,"parent":932,"menu_order":66,"comment_status":"closed","ping_status":"closed","template":"","meta":{"_acf_changed":false,"footnotes":""},"class_list":["post-1060","page","type-page","status-publish","has-post-thumbnail","hentry"],"acf":{"link_rapido":false,"seccao":[{"titulo":"Human Resources","conteudo":"<h3>Staff Map<\/h3>\n<p><a href=\"https:\/\/sas.unl.pt\/wp-content\/uploads\/2024\/02\/Mapa-de-Pessoal-2024.pdf\">2024<\/a><\/p>\n<p><a href=\"https:\/\/sas.unl.pt\/wp-content\/uploads\/2024\/02\/Mapa-de-Pessoal-2023.pdf\">2023<\/a><\/p>\n<p><a href=\"https:\/\/sas.unl.pt\/wp-content\/uploads\/2024\/02\/Mapa-de-Pessoal-2022.pdf\">2022<\/a><\/p>\n<p><a href=\"https:\/\/sas.unl.pt\/wp-content\/uploads\/2021\/09\/Mapa-Pessoal-Alteracao-1-2021.pdf\">2021<\/a><\/p>\n<p><a href=\"https:\/\/sas.unl.pt\/wp-content\/uploads\/2019\/01\/MAPA-DE-PESSOAL-2019.pdf\">2019<\/a><\/p>\n<h3>SIADAP<\/h3>\n<p><a href=\"https:\/\/sas.unl.pt\/wp-content\/uploads\/2023\/07\/Despacho_Constituicao-final_Comissao-Paritaria.pdf\">Rectoral Dispatch 67\/2023 \u2013 Joint Committee Constitution 2021-2024<\/a><\/p>\n<p><a href=\"https:\/\/sas.unl.pt\/wp-content\/uploads\/2021\/10\/Relatorio_SAS_SIADAP_2019-2020_signed.pdf\">Report &#8211; Work evaluation 2019\/2020<\/a><\/p>\n<h3>Mandatory publications<\/h3>\n<p><a href=\"https:\/\/sas.unl.pt\/wp-content\/uploads\/2019\/03\/2%C2%AA-renova%C3%A7%C3%A3o-de-contrato.pdf\">Renova\u00e7\u00e3o de contrato a termo<\/a><\/p>\n<p><a href=\"https:\/\/sas.unl.pt\/wp-content\/uploads\/2019\/01\/CONTRATO-DE-AVEN%C3%87A.pdf\">Contratos de presta\u00e7\u00f5es de servi\u00e7os<\/a><\/p>\n<p>&nbsp;<\/p>\n<p>&nbsp;<\/p>\n"},{"titulo":"Social Balance","conteudo":""},{"titulo":"Activities\u00b4 Plan","conteudo":""},{"titulo":"Activities\u00b4 Report","conteudo":"<p><a href=\"https:\/\/www.unl.pt\/sites\/default\/files\/ra20_210607_1151_msgfc.pdf\">2020<\/a><\/p>\n<p><a href=\"https:\/\/www.unl.pt\/sites\/default\/files\/rac19.pdf\">2019<\/a><\/p>\n"},{"titulo":"Risk Management Plan","conteudo":"<p><a href=\"https:\/\/sas.unl.pt\/wp-content\/uploads\/2017\/12\/1P92-Plano-de-Gestao-de-Riscos-2015.pdf\" target=\"_blank\" rel=\"noopener\">Risk and Corruption and Related Offenses Management Plan<\/a><\/p>\n"},{"titulo":"Financial resources","conteudo":"<p><span class=\"TextRun SCXW108575935 BCX0\" lang=\"PT-PT\" xml:lang=\"PT-PT\" data-contrast=\"auto\"><span class=\"NormalTextRun SCXW108575935 BCX0\">Services<\/span> <span class=\"NormalTextRun SCXW108575935 BCX0\">of<\/span> <span class=\"NormalTextRun SCXW108575935 BCX0\">an<\/span> <span class=\"NormalTextRun SCXW108575935 BCX0\">institutional<\/span> <span class=\"NormalTextRun SCXW108575935 BCX0\">nature<\/span><span class=\"NormalTextRun SCXW108575935 BCX0\">, <\/span><span class=\"NormalTextRun SCXW108575935 BCX0\">relating<\/span><span class=\"NormalTextRun SCXW108575935 BCX0\"> to <\/span><span class=\"NormalTextRun SCXW108575935 BCX0\">the<\/span> <span class=\"NormalTextRun SCXW108575935 BCX0\">areas<\/span> <span class=\"NormalTextRun SCXW108575935 BCX0\">of<\/span> <span class=\"NormalTextRun SCXW108575935 BCX0\">finance<\/span><span class=\"NormalTextRun SCXW108575935 BCX0\">, <\/span><span class=\"NormalTextRun SCXW108575935 BCX0\">human<\/span> <span class=\"NormalTextRun SCXW108575935 BCX0\">resources<\/span> <span class=\"NormalTextRun SCXW108575935 BCX0\">and<\/span> <span class=\"NormalTextRun SCXW108575935 BCX0\">computer<\/span> <span class=\"NormalTextRun SCXW108575935 BCX0\">systems<\/span> <span class=\"NormalTextRun SCXW108575935 BCX0\">and<\/span> <span class=\"NormalTextRun SCXW108575935 BCX0\">information<\/span> <span class=\"NormalTextRun SCXW108575935 BCX0\">technologies<\/span><span class=\"NormalTextRun SCXW108575935 BCX0\">, are <\/span><span class=\"NormalTextRun SCXW108575935 BCX0\">provided<\/span><span class=\"NormalTextRun SCXW108575935 BCX0\">, <\/span><span class=\"NormalTextRun SCXW108575935 BCX0\">from<\/span><span class=\"NormalTextRun SCXW108575935 BCX0\"> a <\/span><span class=\"NormalTextRun SCXW108575935 BCX0\">resource-sharing<\/span> <span class=\"NormalTextRun SCXW108575935 BCX0\">perspective<\/span><span class=\"NormalTextRun SCXW108575935 BCX0\">, <\/span><span class=\"NormalTextRun SCXW108575935 BCX0\">by<\/span> <span class=\"NormalTextRun SCXW108575935 BCX0\">the<\/span><span class=\"NormalTextRun SCXW108575935 BCX0\"> Foundation <\/span><span class=\"NormalTextRun SCXW108575935 BCX0\">Support<\/span> <span class=\"NormalTextRun SCXW108575935 BCX0\">Services<\/span><span class=\"NormalTextRun SCXW108575935 BCX0\">, <\/span><span class=\"NormalTextRun SCXW108575935 BCX0\">integrated<\/span> <span class=\"NormalTextRun SCXW108575935 BCX0\">into<\/span> <span class=\"NormalTextRun SCXW108575935 BCX0\">the<\/span> <span class=\"NormalTextRun SCXW108575935 BCX0\">structure<\/span> <span class=\"NormalTextRun SCXW108575935 BCX0\">of<\/span> <span class=\"NormalTextRun SCXW108575935 BCX0\">the<\/span> <span class=\"NormalTextRun SCXW108575935 BCX0\">University<\/span> <span class=\"NormalTextRun SCXW108575935 BCX0\">Rectory<\/span><span class=\"NormalTextRun SCXW108575935 BCX0\">, <\/span><span class=\"NormalTextRun SCXW108575935 BCX0\">without<\/span> <span class=\"NormalTextRun SCXW108575935 BCX0\">prejudice<\/span><span class=\"NormalTextRun SCXW108575935 BCX0\"> to <\/span><span class=\"NormalTextRun SCXW108575935 BCX0\">the<\/span> <span class=\"NormalTextRun SCXW108575935 BCX0\">competence<\/span> <span class=\"NormalTextRun SCXW108575935 BCX0\">of<\/span> <span class=\"NormalTextRun SCXW108575935 BCX0\">the<\/span><span class=\"NormalTextRun SCXW108575935 BCX0\"> SASNOVA management bodies.<\/span><\/span><span class=\"EOP SCXW108575935 BCX0\" data-ccp-props=\"{&quot;201341983&quot;:0,&quot;335559739&quot;:160,&quot;335559740&quot;:259}\">\u00a0<\/span><\/p>\n<h3>Contact<\/h3>\n<p class=\"x_MsoNormal\">Divis\u00e3o Financeira &#8211; Recursos Financeiros \u2013\u00a0<a href=\"mailto:contabilidade2@unl.pt\" data-linkindex=\"0\">contabilidade@unl.pt<\/a><\/p>\n<p class=\"x_MsoNormal\">Contrata\u00e7\u00e3o P\u00fablica \u2013\u00a0<a href=\"mailto:ucp.fundacao@unl.pt\" data-linkindex=\"1\">ucp.fundacao@unl.pt<\/a><\/p>\n"},{"titulo":"Other documents","conteudo":"<h3>Dispatches from SASNOVA Administrator<\/h3>\n<p>2021<\/p>\n<p><a href=\"https:\/\/sas.unl.pt\/wp-content\/uploads\/2021\/02\/Despacho-ADM-no1_2021_signed.pdf\">Despacho \u00a0n\u00ba1_2021<\/a><\/p>\n<p>2020<\/p>\n<p><a href=\"https:\/\/sas.unl.pt\/wp-content\/uploads\/2020\/04\/0398_001.pdf\">Despacho n\u00ba 3 2020<\/a><\/p>\n<p>2019<\/p>\n<p><a href=\"https:\/\/sas.unl.pt\/wp-content\/uploads\/2019\/01\/Circular-N%C2%BA-4.2019.pdf\">Despacho n\u00ba 4 de 23 de Janeiro 2019<\/a><\/p>\n<p>&nbsp;<\/p>\n<p>&nbsp;<\/p>\n"}]},"_links":{"self":[{"href":"https:\/\/sas.unl.pt\/en\/wp-json\/wp\/v2\/pages\/1060","targetHints":{"allow":["GET"]}}],"collection":[{"href":"https:\/\/sas.unl.pt\/en\/wp-json\/wp\/v2\/pages"}],"about":[{"href":"https:\/\/sas.unl.pt\/en\/wp-json\/wp\/v2\/types\/page"}],"author":[{"embeddable":true,"href":"https:\/\/sas.unl.pt\/en\/wp-json\/wp\/v2\/users\/1"}],"replies":[{"embeddable":true,"href":"https:\/\/sas.unl.pt\/en\/wp-json\/wp\/v2\/comments?post=1060"}],"version-history":[{"count":3,"href":"https:\/\/sas.unl.pt\/en\/wp-json\/wp\/v2\/pages\/1060\/revisions"}],"predecessor-version":[{"id":58879,"href":"https:\/\/sas.unl.pt\/en\/wp-json\/wp\/v2\/pages\/1060\/revisions\/58879"}],"up":[{"embeddable":true,"href":"https:\/\/sas.unl.pt\/en\/wp-json\/wp\/v2\/pages\/932"}],"wp:featuredmedia":[{"embeddable":true,"href":"https:\/\/sas.unl.pt\/en\/wp-json\/wp\/v2\/media\/50932"}],"wp:attachment":[{"href":"https:\/\/sas.unl.pt\/en\/wp-json\/wp\/v2\/media?parent=1060"}],"curies":[{"name":"wp","href":"https:\/\/api.w.org\/{rel}","templated":true}]}}