{"id":1197,"date":"2018-01-03T18:21:47","date_gmt":"2018-01-03T18:21:47","guid":{"rendered":"https:\/\/sas.unl.pt\/saude\/protocolos\/"},"modified":"2023-07-28T16:07:25","modified_gmt":"2023-07-28T15:07:25","slug":"protocols","status":"publish","type":"page","link":"https:\/\/sas.unl.pt\/en\/health-services\/protocols\/","title":{"rendered":"Protocols"},"content":{"rendered":"<h3 style=\"text-align: left;\"><a href=\"https:\/\/sas.unl.pt\/wp-content\/uploads\/2018\/07\/Protocolo-de-Presta\u00e7\u00e3o-de-Servi\u00e7os-SAMS-UNL.pdf\"><strong>SAMS<\/strong><\/a><\/h3>\n<p style=\"text-align: left;\">Allows the access of NOVA students to medical services in SAMS Clinical Center of Lisbon (Rua Fialho de Almeida, n\u00ba 21, 1070-121 Lisboa) and SAMS Clinic in Almada (Rua Bernardim Ribeiro, n\u00ba 6-B, 2800-027 Almada).<\/p>\n<h3 style=\"text-align: left;\"><a href=\"https:\/\/sas.unl.pt\/wp-content\/uploads\/2018\/03\/7P1_protocolomac.pdf\">Maternidade Alfredo da Costa<\/a><\/h3>\n<p>Protocol within the scope of clinical assistance specifically in the area of women&#8217;s health (Gynecology and Family Planning appointments<\/p>\n<h3><a href=\"https:\/\/sas.unl.pt\/wp-content\/uploads\/2018\/03\/6P3_protocolocmd.pdf\">Centro de Medicina Desportiva<\/a><\/h3>\n<p>Medical Exam for sports.<\/p>\n<h3><strong>CPE \u2013 Plaza de Espanha Clinics<\/strong><\/h3>\n<p>Protocol for access to Dental Medicine services through the Advancecare table and medical appointments.<\/p>\n","protected":false},"excerpt":{"rendered":"<p>SAMS Allows the access of NOVA students to medical services in SAMS Clinical Center of Lisbon (Rua Fialho de Almeida, n\u00ba 21, 1070-121 Lisboa) and SAMS Clinic in Almada (Rua Bernardim Ribeiro, n\u00ba 6-B, 2800-027 Almada). Maternidade Alfredo da Costa Protocol within the scope of clinical assistance specifically in the area of women&#8217;s health (Gynecology [&hellip;]<\/p>\n","protected":false},"author":1,"featured_media":51565,"parent":1182,"menu_order":143,"comment_status":"closed","ping_status":"closed","template":"","meta":{"_acf_changed":false,"footnotes":""},"class_list":["post-1197","page","type-page","status-publish","has-post-thumbnail","hentry"],"acf":{"link_rapido":false,"seccao":false},"_links":{"self":[{"href":"https:\/\/sas.unl.pt\/en\/wp-json\/wp\/v2\/pages\/1197","targetHints":{"allow":["GET"]}}],"collection":[{"href":"https:\/\/sas.unl.pt\/en\/wp-json\/wp\/v2\/pages"}],"about":[{"href":"https:\/\/sas.unl.pt\/en\/wp-json\/wp\/v2\/types\/page"}],"author":[{"embeddable":true,"href":"https:\/\/sas.unl.pt\/en\/wp-json\/wp\/v2\/users\/1"}],"replies":[{"embeddable":true,"href":"https:\/\/sas.unl.pt\/en\/wp-json\/wp\/v2\/comments?post=1197"}],"version-history":[{"count":3,"href":"https:\/\/sas.unl.pt\/en\/wp-json\/wp\/v2\/pages\/1197\/revisions"}],"predecessor-version":[{"id":51613,"href":"https:\/\/sas.unl.pt\/en\/wp-json\/wp\/v2\/pages\/1197\/revisions\/51613"}],"up":[{"embeddable":true,"href":"https:\/\/sas.unl.pt\/en\/wp-json\/wp\/v2\/pages\/1182"}],"wp:featuredmedia":[{"embeddable":true,"href":"https:\/\/sas.unl.pt\/en\/wp-json\/wp\/v2\/media\/51565"}],"wp:attachment":[{"href":"https:\/\/sas.unl.pt\/en\/wp-json\/wp\/v2\/media?parent=1197"}],"curies":[{"name":"wp","href":"https:\/\/api.w.org\/{rel}","templated":true}]}}