{"id":932,"date":"2017-12-28T12:11:50","date_gmt":"2017-12-28T12:11:50","guid":{"rendered":"https:\/\/sas.unl.pt\/institucional\/"},"modified":"2024-02-15T12:26:51","modified_gmt":"2024-02-15T12:26:51","slug":"corporate","status":"publish","type":"page","link":"https:\/\/sas.unl.pt\/en\/corporate\/","title":{"rendered":"Corporate"},"content":{"rendered":"<p>Welcome to <strong>SASNOVA<\/strong> (Servi\u00e7os de A\u00e7\u00e3o Social da Universidade NOVA de Lisboa), the university\u00b4 services that guarantee <strong>equal opportunities<\/strong> and the <strong>well-being<\/strong> of NOVA students, ensuring non-academic areas such as <strong>access to scholarships, food, accommodation and health (physical and mental)<\/strong>, as well as encouraging and promoting <strong>participation in cultural activities, sports and volunteering initiatives.<\/strong><\/p>\n","protected":false},"excerpt":{"rendered":"<p>Welcome to SASNOVA (Servi\u00e7os de A\u00e7\u00e3o Social da Universidade NOVA de Lisboa), the university\u00b4 services that guarantee equal opportunities and the well-being of NOVA students, ensuring non-academic areas such as access to scholarships, food, accommodation and health (physical and mental), as well as encouraging and promoting participation in cultural activities, sports and volunteering initiatives.<\/p>\n","protected":false},"author":79,"featured_media":50932,"parent":0,"menu_order":62,"comment_status":"closed","ping_status":"closed","template":"","meta":{"_acf_changed":false,"footnotes":""},"class_list":["post-932","page","type-page","status-publish","has-post-thumbnail","hentry"],"acf":{"seccao":[{"titulo":"What do we do?","conteudo":"<p>SASNOVA provides direct social support; scholarships and emergency support, and indirect support; food services, accommodation and health services, as well as support for sports and cultural activities.<\/p>\n<p>Within the scope of SASNOVA are included the following duties:<\/p>\n<ul>\n<li>Assigning scholarships to underprivileged students<\/li>\n<li>Promoting student and staff access to Food Services through canteens, cafeterias and bars<\/li>\n<li>Promoting access to accommodation for students who are living away from home<\/li>\n<li>Providing medical, psychiatric, psychological and nutritional support<\/li>\n<li>Starting up and giving support to sports activities<\/li>\n<li>Starting up and giving support to cultural activities<\/li>\n<li>SASNOVA is also committed to developing other activities that may contribute to the educational success of students<\/li>\n<\/ul>\n"},{"titulo":"How do we organize ourselves?","conteudo":"<p><a href=\"https:\/\/sas.unl.pt\/en\/corporate\/social-welfare-council\/\">Council<\/a><\/p>\n<p><a href=\"https:\/\/sas.unl.pt\/en\/services-organisation\/\">Services<\/a><\/p>\n"}],"link_rapido":[{"nome_link":"Council","tipo_link":"interno","url":"","ligacao":"https:\/\/sas.unl.pt\/en\/corporate\/social-welfare-council\/"},{"nome_link":"Services","tipo_link":"interno","url":"","ligacao":"https:\/\/sas.unl.pt\/en\/services-organisation\/"}]},"_links":{"self":[{"href":"https:\/\/sas.unl.pt\/en\/wp-json\/wp\/v2\/pages\/932","targetHints":{"allow":["GET"]}}],"collection":[{"href":"https:\/\/sas.unl.pt\/en\/wp-json\/wp\/v2\/pages"}],"about":[{"href":"https:\/\/sas.unl.pt\/en\/wp-json\/wp\/v2\/types\/page"}],"author":[{"embeddable":true,"href":"https:\/\/sas.unl.pt\/en\/wp-json\/wp\/v2\/users\/79"}],"replies":[{"embeddable":true,"href":"https:\/\/sas.unl.pt\/en\/wp-json\/wp\/v2\/comments?post=932"}],"version-history":[{"count":3,"href":"https:\/\/sas.unl.pt\/en\/wp-json\/wp\/v2\/pages\/932\/revisions"}],"predecessor-version":[{"id":58820,"href":"https:\/\/sas.unl.pt\/en\/wp-json\/wp\/v2\/pages\/932\/revisions\/58820"}],"wp:featuredmedia":[{"embeddable":true,"href":"https:\/\/sas.unl.pt\/en\/wp-json\/wp\/v2\/media\/50932"}],"wp:attachment":[{"href":"https:\/\/sas.unl.pt\/en\/wp-json\/wp\/v2\/media?parent=932"}],"curies":[{"name":"wp","href":"https:\/\/api.w.org\/{rel}","templated":true}]}}