{"id":33161,"date":"2022-09-20T12:42:24","date_gmt":"2022-09-20T11:42:24","guid":{"rendered":"https:\/\/sas.unl.pt\/?post_type=product&#038;p=33161"},"modified":"2026-04-17T13:09:51","modified_gmt":"2026-04-17T12:09:51","slug":"caminhadas-da-nova","status":"publish","type":"product","link":"https:\/\/sas.unl.pt\/en\/produto\/caminhadas-da-nova\/","title":{"rendered":"Caminhadas da NOVA"},"content":{"rendered":"","protected":false},"excerpt":{"rendered":"<p style=\"margin: 0cm; background: white;\"><span style=\"color: #201f1e;\">As\u00a0<b>CAMINHADAS\u00a0da NOVA<\/b>, acompanhadas pelo Guia Felisberto Tavares. S\u00e3o momentos divertidos e desafiantes\u00a0para fazer em conv\u00edvio com amigos, e ao mesmo tempo conhecer locais id\u00edlicos do nosso pa\u00eds!<\/span><\/p>\n<p>&nbsp;<\/p>\n<p><strong>\u00c0 Descoberta da Serra de S\u00e3o Lu\u00eds (Arr\u00e1bida) (29 Mar\u00e7o) &#8211; <\/strong>Dist\u00e2ncia: 9 Km; Dificuldade: 2\/5 Moderado; Dura\u00e7\u00e3o: 3h30; Hora de in\u00edcio: 10h<\/p>\n<p><strong>Da Foz do Lizandro \u00e0 Samarra<\/strong><strong> (Ericeira) (18 Abril) &#8211; <\/strong>Dist\u00e2ncia: 12 Km; Dificuldade: 3\/5 Moderado; Dura\u00e7\u00e3o: 4h; Hora de in\u00edcio: 10h &#8211; <strong>ESGOTADO<\/strong><\/p>\n<p><strong>Pelos trilhos da Lagoa Azul (Sintra) (26 Abril) &#8211; <\/strong>Dist\u00e2ncia: 12 Km; Dificuldade: 3\/5 Moderado; Dura\u00e7\u00e3o: 5h; Hora de in\u00edcio: 10h &#8211; <strong>ESGOTADO<\/strong><\/p>\n<p>Se \u00e9s <strong>ESTUDANTE<\/strong> da NOVA clica <strong><a href=\"https:\/\/forms.gle\/erzRe6DCRfVnWTze8\">Aqui<\/a><\/strong>, para teres a oferta da inscri\u00e7\u00e3o.<\/p>\n<p>*inscri\u00e7\u00f5es at\u00e9 \u00e0s 13h00 da 6\u00aa feira anterior \u00e0 Caminhada correspondente<\/p>\n<p>*n\u00famero m\u00ednimo para realiza\u00e7\u00e3o &#8211; 8 participantes<\/p>\n<p>*n\u00e3o h\u00e1 transporte da Universidade<\/p>\n","protected":false},"featured_media":68879,"template":"","meta":{"_acf_changed":false},"product_brand":[],"product_cat":[47],"product_tag":[],"class_list":{"0":"post-33161","1":"product","2":"type-product","3":"status-publish","4":"has-post-thumbnail","6":"product_cat-desporto","8":"first","9":"instock","10":"taxable","11":"shipping-taxable","12":"product-type-variable"},"acf":[],"_links":{"self":[{"href":"https:\/\/sas.unl.pt\/en\/wp-json\/wp\/v2\/product\/33161","targetHints":{"allow":["GET"]}}],"collection":[{"href":"https:\/\/sas.unl.pt\/en\/wp-json\/wp\/v2\/product"}],"about":[{"href":"https:\/\/sas.unl.pt\/en\/wp-json\/wp\/v2\/types\/product"}],"wp:featuredmedia":[{"embeddable":true,"href":"https:\/\/sas.unl.pt\/en\/wp-json\/wp\/v2\/media\/68879"}],"wp:attachment":[{"href":"https:\/\/sas.unl.pt\/en\/wp-json\/wp\/v2\/media?parent=33161"}],"wp:term":[{"taxonomy":"product_brand","embeddable":true,"href":"https:\/\/sas.unl.pt\/en\/wp-json\/wp\/v2\/product_brand?post=33161"},{"taxonomy":"product_cat","embeddable":true,"href":"https:\/\/sas.unl.pt\/en\/wp-json\/wp\/v2\/product_cat?post=33161"},{"taxonomy":"product_tag","embeddable":true,"href":"https:\/\/sas.unl.pt\/en\/wp-json\/wp\/v2\/product_tag?post=33161"}],"curies":[{"name":"wp","href":"https:\/\/api.w.org\/{rel}","templated":true}]}}