{"id":47248,"date":"2023-03-23T15:25:20","date_gmt":"2023-03-23T15:25:20","guid":{"rendered":"https:\/\/sas.unl.pt\/?post_type=product&#038;p=47248"},"modified":"2023-06-01T08:56:20","modified_gmt":"2023-06-01T07:56:20","slug":"nova-walks-2023","status":"publish","type":"product","link":"https:\/\/sas.unl.pt\/en\/produto\/nova-walks-2023\/","title":{"rendered":"NOVA Walks 2023"},"content":{"rendered":"","protected":false},"excerpt":{"rendered":"<p><strong>NOVA Walks<\/strong><\/p>\n<p>Passeios culturais tem\u00e1ticos por Lisboa, guiados por uma Investigadora Doutorada em Hist\u00f3ria, Dra. Ana Pinto, do CHAM\/FCSH.<\/p>\n<p>Os passeios t\u00eam uma dura\u00e7\u00e3o de cerca de 3 horas.<\/p>\n<p>O ponto de encontro para cada passeio \u00e9 comunicado por mail no final do dia anterior ao passeio.<\/p>\n<p>Inscri\u00e7\u00f5es at\u00e9 \u00e0s 17h00 do dia anterior a cada passeio.<\/p>\n<p>Limitado ao n\u00famero de vagas (preenchidas por ordem de inscri\u00e7\u00e3o).<\/p>\n","protected":false},"featured_media":47258,"template":"","meta":{"_acf_changed":false},"product_brand":[],"product_cat":[46],"product_tag":[],"class_list":{"0":"post-47248","1":"product","2":"type-product","3":"status-publish","4":"has-post-thumbnail","6":"product_cat-cultura","8":"first","9":"instock","10":"taxable","11":"shipping-taxable","12":"purchasable","13":"product-type-variable"},"acf":[],"_links":{"self":[{"href":"https:\/\/sas.unl.pt\/en\/wp-json\/wp\/v2\/product\/47248","targetHints":{"allow":["GET"]}}],"collection":[{"href":"https:\/\/sas.unl.pt\/en\/wp-json\/wp\/v2\/product"}],"about":[{"href":"https:\/\/sas.unl.pt\/en\/wp-json\/wp\/v2\/types\/product"}],"wp:featuredmedia":[{"embeddable":true,"href":"https:\/\/sas.unl.pt\/en\/wp-json\/wp\/v2\/media\/47258"}],"wp:attachment":[{"href":"https:\/\/sas.unl.pt\/en\/wp-json\/wp\/v2\/media?parent=47248"}],"wp:term":[{"taxonomy":"product_brand","embeddable":true,"href":"https:\/\/sas.unl.pt\/en\/wp-json\/wp\/v2\/product_brand?post=47248"},{"taxonomy":"product_cat","embeddable":true,"href":"https:\/\/sas.unl.pt\/en\/wp-json\/wp\/v2\/product_cat?post=47248"},{"taxonomy":"product_tag","embeddable":true,"href":"https:\/\/sas.unl.pt\/en\/wp-json\/wp\/v2\/product_tag?post=47248"}],"curies":[{"name":"wp","href":"https:\/\/api.w.org\/{rel}","templated":true}]}}