{"id":62574,"date":"2024-10-25T15:13:12","date_gmt":"2024-10-25T14:13:12","guid":{"rendered":"https:\/\/sas.unl.pt\/?post_type=product&#038;p=62574"},"modified":"2025-10-03T15:57:16","modified_gmt":"2025-10-03T14:57:16","slug":"skate-nova","status":"publish","type":"product","link":"https:\/\/sas.unl.pt\/en\/produto\/skate-nova\/","title":{"rendered":"Inicia\u00e7\u00e3o ao Skate na NOVA"},"content":{"rendered":"","protected":false},"excerpt":{"rendered":"<p><strong>Inicia\u00e7\u00e3o ao Skate na NOVA<\/strong><\/p>\n<p>(parceria com a Associa\u00e7\u00e3o AllaBoard)<\/p>\n<p>4\u00aa feira &#8211; 16h00 &#8211; Campus de Campolide<\/p>\n","protected":false},"featured_media":67644,"template":"","meta":{"_acf_changed":false},"product_brand":[],"product_cat":[47],"product_tag":[],"class_list":{"0":"post-62574","1":"product","2":"type-product","3":"status-publish","4":"has-post-thumbnail","6":"product_cat-desporto","8":"first","9":"instock","10":"taxable","11":"shipping-taxable","12":"purchasable","13":"product-type-variable"},"acf":[],"_links":{"self":[{"href":"https:\/\/sas.unl.pt\/en\/wp-json\/wp\/v2\/product\/62574","targetHints":{"allow":["GET"]}}],"collection":[{"href":"https:\/\/sas.unl.pt\/en\/wp-json\/wp\/v2\/product"}],"about":[{"href":"https:\/\/sas.unl.pt\/en\/wp-json\/wp\/v2\/types\/product"}],"wp:featuredmedia":[{"embeddable":true,"href":"https:\/\/sas.unl.pt\/en\/wp-json\/wp\/v2\/media\/67644"}],"wp:attachment":[{"href":"https:\/\/sas.unl.pt\/en\/wp-json\/wp\/v2\/media?parent=62574"}],"wp:term":[{"taxonomy":"product_brand","embeddable":true,"href":"https:\/\/sas.unl.pt\/en\/wp-json\/wp\/v2\/product_brand?post=62574"},{"taxonomy":"product_cat","embeddable":true,"href":"https:\/\/sas.unl.pt\/en\/wp-json\/wp\/v2\/product_cat?post=62574"},{"taxonomy":"product_tag","embeddable":true,"href":"https:\/\/sas.unl.pt\/en\/wp-json\/wp\/v2\/product_tag?post=62574"}],"curies":[{"name":"wp","href":"https:\/\/api.w.org\/{rel}","templated":true}]}}